{"id":242,"date":"2025-01-21T16:55:18","date_gmt":"2025-01-21T15:55:18","guid":{"rendered":"https:\/\/www.intex-paketdienst.de\/websitewp\/?page_id=242"},"modified":"2025-03-19T19:28:22","modified_gmt":"2025-03-19T18:28:22","slug":"impressum","status":"publish","type":"page","link":"https:\/\/www.intex-paketdienst.de\/websitewp\/impressum\/","title":{"rendered":"Impressum"},"content":{"rendered":"<div class=\"wpb-content-wrapper\">[vc_row][vc_column]<div class=\"vcex-spacing wpex-w-100 wpex-clear in-op-space-md\"><\/div>[vc_column_text css=&#8220;&#8220;]\n<h2>IMPRESSUM<\/h2>\n<h4 class=\"content\">Angaben gem\u00e4\u00df \u00a7 5 TMG:<\/h4>\n<p>INTEX Paketdienst GmbH<br \/>\nIn der Held 2<br \/>\n66620 Nonnweiler-Otzenhausen<\/p>\n<h4>Vertreten durch die Gesch\u00e4ftsf\u00fchrer:<\/h4>\n<p>Andreas Greimann, Thorsten Reiter<\/p>\n<h4>Kontakt:<\/h4>\n<p>Telefon: +49 (0) 6873 66 87 00<\/p>\n<p>E-Mail: \u00a0<a href=\"mailto:info@intex-paketdienst.de\">info@intex-paketdienst.de<\/a><\/p>\n<p>Weitere Mailadressen siehe unter <a href=\"https:\/\/www.intex-paketdienst.de\/websitewp\/kontakt\/\">Kontakt<\/a><\/p>\n<h4>Registereintrag:<\/h4>\n<p>Eintragung im Handelsregister<br \/>\nRegistergericht: Saarbr\u00fccken<br \/>\nRegisternummer: HRB 101210<\/p>\n<h4>Umsatzsteuer-ID:<\/h4>\n<p>Umsatzsteuer-Identifikationsnummer gem\u00e4\u00df \u00a727 a Umsatzsteuergesetz:<br \/>\nDE 164 912 752<\/p>\n<h4>Aufsichtsbeh\u00f6rde:<\/h4>\n<p>Bundesamt f\u00fcr G\u00fcterverkehr (BAG)<\/p>\n<h4>Inhaltlich verantwortlich gem\u00e4\u00df\u00a0\u00a0\u00a7 55 Absatz 2 RStV:<\/h4>\n<p>Andreas Greimann, Thorsten Reiter<\/p>\n<p>Die Europ\u00e4ische Kommission stellt eine Plattform f\u00fcr die au\u00dfergerichtliche Online-Streitbeilegung (OS-Plattform) bereit, die unter\u00a0<a href=\"http:\/\/www.ec.europa.eu\/consumers\/odr\" target=\"_blank\" rel=\"noopener\">www.ec.europa.eu\/consumers\/odr<\/a>\u00a0aufrufbar ist. Unsere E-Mail-Adresse finden Sie in unserem Impressum. Wir sind weder verpflichtet noch bereit, an dem Streitschlichtungsverfahren teilzunehmen.<\/p>\n<p>Alle verwendeten Texte, Fotos und grafischen Gestaltungen dieser Internetpr\u00e4senz sind urheberrechtlich gesch\u00fctzt. Sofern Sie Teile verwenden wollen, wenden Sie sich bitte an den Seitenbetreiber. Er wird dann gegebenenfalls den Kontakt zum Urheber oder Nutzungsberechtigten herstellen.[\/vc_column_text]<div class=\"vcex-spacing wpex-w-100 wpex-clear in-op-space-md\"><\/div>[\/vc_column][\/vc_row]\n<\/div>","protected":false},"excerpt":{"rendered":"<p>[vc_row][vc_column][vc_column_text css=&#8220;&#8220;] IMPRESSUM Angaben gem\u00e4\u00df \u00a7 5 TMG: INTEX Paketdienst GmbH In der Held 2 66620 Nonnweiler-Otzenhausen Vertreten durch die Gesch\u00e4ftsf\u00fchrer: Andreas Greimann, Thorsten Reiter Kontakt: Telefon: +49 (0) 6873 66 87 00 E-Mail: \u00a0info@intex-paketdienst.de Weitere Mailadressen siehe unter Kontakt Registereintrag: Eintragung im Handelsregister Registergericht: Saarbr\u00fccken Registernummer: HRB 101210 Umsatzsteuer-ID: Umsatzsteuer-Identifikationsnummer gem\u00e4\u00df \u00a727 a Umsatzsteuergesetz:&hellip;<\/p>\n","protected":false},"author":1,"featured_media":0,"parent":0,"menu_order":0,"comment_status":"closed","ping_status":"closed","template":"","meta":{"footnotes":""},"class_list":["post-242","page","type-page","status-publish","hentry","entry","no-media"],"_links":{"self":[{"href":"https:\/\/www.intex-paketdienst.de\/websitewp\/wp-json\/wp\/v2\/pages\/242","targetHints":{"allow":["GET"]}}],"collection":[{"href":"https:\/\/www.intex-paketdienst.de\/websitewp\/wp-json\/wp\/v2\/pages"}],"about":[{"href":"https:\/\/www.intex-paketdienst.de\/websitewp\/wp-json\/wp\/v2\/types\/page"}],"author":[{"embeddable":true,"href":"https:\/\/www.intex-paketdienst.de\/websitewp\/wp-json\/wp\/v2\/users\/1"}],"replies":[{"embeddable":true,"href":"https:\/\/www.intex-paketdienst.de\/websitewp\/wp-json\/wp\/v2\/comments?post=242"}],"version-history":[{"count":9,"href":"https:\/\/www.intex-paketdienst.de\/websitewp\/wp-json\/wp\/v2\/pages\/242\/revisions"}],"predecessor-version":[{"id":1192,"href":"https:\/\/www.intex-paketdienst.de\/websitewp\/wp-json\/wp\/v2\/pages\/242\/revisions\/1192"}],"wp:attachment":[{"href":"https:\/\/www.intex-paketdienst.de\/websitewp\/wp-json\/wp\/v2\/media?parent=242"}],"curies":[{"name":"wp","href":"https:\/\/api.w.org\/{rel}","templated":true}]}}