{"id":202,"date":"2025-01-19T18:35:12","date_gmt":"2025-01-19T17:35:12","guid":{"rendered":"https:\/\/www.intex-paketdienst.de\/websitewp\/?page_id=202"},"modified":"2025-03-21T23:13:29","modified_gmt":"2025-03-21T22:13:29","slug":"ueber-uns","status":"publish","type":"page","link":"https:\/\/www.intex-paketdienst.de\/websitewp\/ueber-uns\/","title":{"rendered":"\u00dcber Uns"},"content":{"rendered":"<div class=\"wpb-content-wrapper\">[vc_row full_width=&#8220;stretch_row&#8220; css=&#8220;.vc_custom_1737987052637{background-color: #072F40 !important;background-position: center !important;background-repeat: no-repeat !important;background-size: cover !important;}&#8220; wpex_bg_position=&#8220;center top&#8220; el_class=&#8220;bg-fallback&#8220;][vc_column][\/vc_column][\/vc_row][vc_row css_animation=&#8220;none&#8220; full_width=&#8220;stretch_row&#8220; video_bg_center=&#8220;true&#8220; css=&#8220;.vc_custom_1740740691960{background: #072F40 url(https:\/\/www.intex-paketdienst.de\/websitewp\/wp-content\/uploads\/2025\/02\/Hero_mobile05.jpg?id=1059) !important;}&#8220; el_class=&#8220;hero-top-row&#8220; video_bg=&#8220;self_hosted&#8220; wpex_bg_overlay_blend=&#8220;hard-light&#8220; wpex_bg_overlay=&#8220;color&#8220; wpex_bg_overlay_color=&#8220;#41ccff&#8220; wpex_bg_overlay_opacity=&#8220;15%&#8220; video_bg_webm=&#8220;https:\/\/www.intex-paketdienst.de\/websitewp\/wp-content\/uploads\/2025\/02\/output_25pro_60fps_vp9_4K_smooth.webm&#8220; video_bg_visibility=&#8220;hidden-phone-small&#8220;][vc_column][vc_row_inner][vc_column_inner]\t<style>.vcex_69da5481672f5{height:80px;}@media (max-width:1024px){.vcex_69da5481672f5{height:60px;}}@media (max-width:959px){.vcex_69da5481672f5{height:40px;}}@media (max-width:767px){.vcex_69da5481672f5{height:0px;}}@media (max-width:479px){.vcex_69da5481672f5{height:0px;}}<\/style>\n<div class=\"vcex-spacing wpex-w-100 wpex-clear vcex_69da5481672f5\"><\/div>[vc_column_text css=&#8220;&#8220;]\n<h1>Tradition trifft Innovation<\/h1>\n[\/vc_column_text][vc_column_text css=&#8220;.vc_custom_1740733943471{padding-top: 20px !important;}&#8220;]\n<h2>Vom Pionier zum Branchenf\u00fchrer<\/h2>\n[\/vc_column_text][\/vc_column_inner][\/vc_row_inner][\/vc_column][\/vc_row][vc_row css_animation=&#8220;none&#8220; full_width=&#8220;stretch_row&#8220; remove_bottom_col_margin=&#8220;true&#8220; css=&#8220;.vc_custom_1740737731175{background-image: url(https:\/\/www.intex-paketdienst.de\/websitewp\/wp-content\/uploads\/2025\/01\/hero-bottom-background-sub.svg?id=474) !important;background-position: center !important;background-repeat: no-repeat !important;background-size: cover !important;}&#8220; wpex_bg_position=&#8220;center top&#8220; el_class=&#8220;hero-bottom-row-sub&#8220;][vc_column][vc_row_inner css=&#8220;.vc_custom_1737977347312{background-color: #CC00AA00 !important;}&#8220;][vc_column_inner width=&#8220;1\/6&#8243;][\/vc_column_inner][vc_column_inner el_class=&#8220;hero-bottom-text-sub&#8220; width=&#8220;2\/3&#8243;][vc_column_text css=&#8220;&#8220;]\n<h2 style=\"text-align: center;\">Seit \u00fcber 30 Jahren steht INTEX f\u00fcr erstklassige Logistikl\u00f6sungen, spezialisiert auf den sicheren Transport von Valoren.<\/h2>\n[\/vc_column_text]<div class=\"vcex-spacing wpex-w-100 wpex-clear\" style=\"height:20px;\"><\/div>[vc_column_text css=&#8220;&#8220; el_class=&#8220;highlight-text-sm&#8220;]\n<p style=\"text-align: center;\">Mit modernster Technik und einem breiten Netzwerk setzt das Unternehmen Ma\u00dfst\u00e4be in puncto Sicherheit, Service und Zuverl\u00e4ssigkeit.<\/p>\n[\/vc_column_text][\/vc_column_inner][vc_column_inner width=&#8220;1\/6&#8243;][\/vc_column_inner][\/vc_row_inner]<div class=\"vcex-spacing wpex-w-100 wpex-clear in-op-space-sm\"><\/div>[\/vc_column][\/vc_row][vc_row full_width=&#8220;stretch_row&#8220; remove_bottom_col_margin=&#8220;true&#8220; wpex_bg_color=&#8220;palette-441&#8243; el_class=&#8220;hero-follow-bg-sub long-text&#8220;][vc_column]\t<style>.vcex_69da54816742e{height:30px;}@media (max-width:1024px){.vcex_69da54816742e{height:20px;}}<\/style>\n<div class=\"vcex-spacing wpex-w-100 wpex-clear vcex_69da54816742e\"><\/div>[\/vc_column][\/vc_row][vc_row remove_bottom_col_margin=&#8220;true&#8220; el_class=&#8220;sub-below-hero&#8220;][vc_column]<div class=\"vcex-spacing wpex-w-100 wpex-clear in-op-space-lg\"><\/div>[vc_row_inner equal_height=&#8220;yes&#8220; content_placement=&#8220;middle&#8220; remove_bottom_col_margin=&#8220;true&#8220;][vc_column_inner el_class=&#8220;core-values milestones&#8220; width=&#8220;1\/2&#8243; offset=&#8220;vc_col-lg-8&#8243; css=&#8220;.vc_custom_1740737365702{background-color: #F6F4F1 !important;}&#8220;]\n<table id=\"tablepress-1\" class=\"tablepress tablepress-id-1\">\n<tbody>\n<tr class=\"row-1\">\n\t<td class=\"column-1\"><\/td><td class=\"column-2\"><h3>Meilensteine in der Unternehmensgeschichte<\/h3><\/td>\n<\/tr>\n<tr class=\"row-2\">\n\t<td class=\"column-1\">1992<\/td><td class=\"column-2\"><spn>Gr\u00fcndung:<\/span> INTEX wird mit dem Ziel gegr\u00fcndet, sichere und zuverl\u00e4ssige Wertlogistik anzubieten.<\/td>\n<\/tr>\n<tr class=\"row-3\">\n\t<td class=\"column-1\">1995<\/td><td class=\"column-2\">Ausbau des Valorenversands: Einf\u00fchrung spezialisierter L\u00f6sungen f\u00fcr den sicheren Transport von Schmuck, Uhren und Edelmetallen.<\/td>\n<\/tr>\n<tr class=\"row-4\">\n\t<td class=\"column-1\">2000<\/td><td class=\"column-2\"><span>Expansion in Deutschland:<\/span> Er\u00f6ffnung mehrerer Standorte, um eine fl\u00e4chendeckende Versorgung zu gew\u00e4hrleisten.<\/td>\n<\/tr>\n<tr class=\"row-5\">\n\t<td class=\"column-1\">2011<\/td><td class=\"column-2\"><span>Internationalisierung:<\/span> Erweiterung des Netzwerks mit einem Standort in Belgien, um grenz\u00fcberschreitende Logistik zu optimieren.<\/td>\n<\/tr>\n<tr class=\"row-6\">\n\t<td class=\"column-1\">Heute<\/td><td class=\"column-2\"><span>Marktf\u00fchrer in Europa: <\/span>Modernste Technologien und ma\u00dfgeschneiderte L\u00f6sungen f\u00fcr nationale und internationale Kunden.<\/td>\n<\/tr>\n<\/tbody>\n<\/table>\n<!-- #tablepress-1 from cache -->[\/vc_column_inner][vc_column_inner width=&#8220;1\/2&#8243; css=&#8220;.vc_custom_1740737354082{background-color: #F6F4F100 !important;}&#8220; offset=&#8220;vc_col-lg-4&#8243;]<figure class=\"vcex-image vcex-module vcex-fill-column\"><div class=\"vcex-image-inner wpex-relative wpex-inline-block\"><img width=\"1600\" height=\"1600\" src=\"https:\/\/www.intex-paketdienst.de\/websitewp\/wp-content\/uploads\/2025\/02\/Intex_Sachbearbeitung.jpg\" class=\"vcex-image-img wpex-align-middle\" alt=\"\" loading=\"lazy\" decoding=\"async\" srcset=\"https:\/\/www.intex-paketdienst.de\/websitewp\/wp-content\/uploads\/2025\/02\/Intex_Sachbearbeitung.jpg 1600w, https:\/\/www.intex-paketdienst.de\/websitewp\/wp-content\/uploads\/2025\/02\/Intex_Sachbearbeitung-300x300.jpg 300w, https:\/\/www.intex-paketdienst.de\/websitewp\/wp-content\/uploads\/2025\/02\/Intex_Sachbearbeitung-1024x1024.jpg 1024w, https:\/\/www.intex-paketdienst.de\/websitewp\/wp-content\/uploads\/2025\/02\/Intex_Sachbearbeitung-150x150.jpg 150w, https:\/\/www.intex-paketdienst.de\/websitewp\/wp-content\/uploads\/2025\/02\/Intex_Sachbearbeitung-768x768.jpg 768w, https:\/\/www.intex-paketdienst.de\/websitewp\/wp-content\/uploads\/2025\/02\/Intex_Sachbearbeitung-1536x1536.jpg 1536w\" sizes=\"auto, (max-width: 1600px) 100vw, 1600px\" \/><\/div><\/figure>[\/vc_column_inner][\/vc_row_inner]<div class=\"vcex-spacing wpex-w-100 wpex-clear in-op-space-md\"><\/div>[\/vc_column][\/vc_row][vc_row remove_bottom_col_margin=&#8220;true&#8220;][vc_column][vc_row_inner][vc_column_inner width=&#8220;1\/12&#8243; offset=&#8220;vc_col-lg-2&#8243;][\/vc_column_inner][vc_column_inner width=&#8220;5\/6&#8243; offset=&#8220;vc_col-lg-8&#8243;][vc_column_text css=&#8220;&#8220; el_class=&#8220;highlight-text-lg&#8220;]\n<p style=\"text-align: center;\">Exzellenz in der Wertlogistik \u2013 zuverl\u00e4ssig und diskret.<\/p>\n[\/vc_column_text][vc_column_text css=&#8220;&#8220;]\n<p style=\"text-align: center;\">INTEX sorgt weltweit f\u00fcr sichere und schnelle Zustellung.<\/p>\n[\/vc_column_text][\/vc_column_inner][vc_column_inner width=&#8220;1\/12&#8243; offset=&#8220;vc_col-lg-2&#8243;][\/vc_column_inner][\/vc_row_inner]<div class=\"vcex-spacing wpex-w-100 wpex-clear in-op-space-lg\"><\/div>[\/vc_column][\/vc_row][vc_row full_width=&#8220;stretch_row&#8220; remove_bottom_col_margin=&#8220;true&#8220; wpex_bg_overlay=&#8220;color&#8220; wpex_bg_overlay_blend=&#8220;multiply&#8220; wpex_bg_overlay_color=&#8220;#172f46&#8243; wpex_bg_overlay_opacity=&#8220;90%&#8220; css=&#8220;.vc_custom_1741777910733{background-image: url(https:\/\/www.intex-paketdienst.de\/websitewp\/wp-content\/uploads\/2025\/03\/Intex_Footer-02-scaled.jpg?id=1110) !important;background-position: center !important;background-repeat: no-repeat !important;background-size: cover !important;}&#8220; el_class=&#8220;footer-contact-cta&#8220;][vc_column]<div class=\"vcex-spacing wpex-w-100 wpex-clear in-op-space-md\"><\/div>[vc_row_inner content_placement=&#8220;middle&#8220;][vc_column_inner width=&#8220;1\/4&#8243;][\/vc_column_inner][vc_column_inner width=&#8220;1\/2&#8243; css=&#8220;.vc_custom_1737897877892{padding-right: 60px !important;padding-left: 60px !important;}&#8220;][vc_column_text css=&#8220;&#8220;]\n<h2 style=\"text-align: center;\">Wir sind f\u00fcr Sie da.<\/h2>\n[\/vc_column_text]<div class=\"vcex-spacing wpex-w-100 wpex-clear\" style=\"height:40px;\"><\/div>[vc_column_text css=&#8220;&#8220; el_class=&#8220;highlight-text-sm&#8220;]\n<p style=\"text-align: center;\">Kontaktieren Sie uns jederzeit f\u00fcr eine Beratung oder ein individuelles Angebot.<\/p>\n[\/vc_column_text]<div class=\"vcex-spacing wpex-w-100 wpex-clear\" style=\"height:80px;\"><\/div><div class=\"theme-button-wrap textcenter wpex-clr\"><a href=\"https:\/\/www.intex-paketdienst.de\/websitewp\/kontakt\/\" class=\"vcex-button theme-button minimal-border align-center inline\"><span class=\"vcex-button-inner theme-button-inner wpex-flex wpex-flex-wrap wpex-items-center wpex-justify-center\">Kontakt<\/span><\/a><\/div> [\/vc_column_inner][vc_column_inner width=&#8220;1\/4&#8243;][\/vc_column_inner][\/vc_row_inner]<div class=\"vcex-spacing wpex-w-100 wpex-clear in-op-space-lg\"><\/div>[\/vc_column][\/vc_row]\n<\/div>","protected":false},"excerpt":{"rendered":"<p>[vc_row full_width=&#8220;stretch_row&#8220; css=&#8220;.vc_custom_1737987052637{background-color: #072F40 !important;background-position: center !important;background-repeat: no-repeat !important;background-size: cover !important;}&#8220; wpex_bg_position=&#8220;center top&#8220; el_class=&#8220;bg-fallback&#8220;][vc_column][\/vc_column][\/vc_row][vc_row css_animation=&#8220;none&#8220; full_width=&#8220;stretch_row&#8220; video_bg_center=&#8220;true&#8220; css=&#8220;.vc_custom_1740740691960{background: #072F40 url(https:\/\/www.intex-paketdienst.de\/websitewp\/wp-content\/uploads\/2025\/02\/Hero_mobile05.jpg?id=1059) !important;}&#8220; el_class=&#8220;hero-top-row&#8220; video_bg=&#8220;self_hosted&#8220; wpex_bg_overlay_blend=&#8220;hard-light&#8220; wpex_bg_overlay=&#8220;color&#8220; wpex_bg_overlay_color=&#8220;#41ccff&#8220; wpex_bg_overlay_opacity=&#8220;15%&#8220; video_bg_webm=&#8220;https:\/\/www.intex-paketdienst.de\/websitewp\/wp-content\/uploads\/2025\/02\/output_25pro_60fps_vp9_4K_smooth.webm&#8220; video_bg_visibility=&#8220;hidden-phone-small&#8220;][vc_column][vc_row_inner][vc_column_inner][vc_column_text css=&#8220;&#8220;] Tradition trifft Innovation [\/vc_column_text][vc_column_text css=&#8220;.vc_custom_1740733943471{padding-top: 20px !important;}&#8220;] Vom Pionier zum Branchenf\u00fchrer [\/vc_column_text][\/vc_column_inner][\/vc_row_inner][\/vc_column][\/vc_row][vc_row css_animation=&#8220;none&#8220; full_width=&#8220;stretch_row&#8220; remove_bottom_col_margin=&#8220;true&#8220; css=&#8220;.vc_custom_1740737731175{background-image: url(https:\/\/www.intex-paketdienst.de\/websitewp\/wp-content\/uploads\/2025\/01\/hero-bottom-background-sub.svg?id=474) !important;background-position: center !important;background-repeat: no-repeat !important;background-size: cover !important;}&#8220; wpex_bg_position=&#8220;center&hellip;<\/p>\n","protected":false},"author":1,"featured_media":0,"parent":0,"menu_order":0,"comment_status":"closed","ping_status":"closed","template":"","meta":{"footnotes":""},"class_list":["post-202","page","type-page","status-publish","hentry","entry","no-media"],"_links":{"self":[{"href":"https:\/\/www.intex-paketdienst.de\/websitewp\/wp-json\/wp\/v2\/pages\/202","targetHints":{"allow":["GET"]}}],"collection":[{"href":"https:\/\/www.intex-paketdienst.de\/websitewp\/wp-json\/wp\/v2\/pages"}],"about":[{"href":"https:\/\/www.intex-paketdienst.de\/websitewp\/wp-json\/wp\/v2\/types\/page"}],"author":[{"embeddable":true,"href":"https:\/\/www.intex-paketdienst.de\/websitewp\/wp-json\/wp\/v2\/users\/1"}],"replies":[{"embeddable":true,"href":"https:\/\/www.intex-paketdienst.de\/websitewp\/wp-json\/wp\/v2\/comments?post=202"}],"version-history":[{"count":17,"href":"https:\/\/www.intex-paketdienst.de\/websitewp\/wp-json\/wp\/v2\/pages\/202\/revisions"}],"predecessor-version":[{"id":1197,"href":"https:\/\/www.intex-paketdienst.de\/websitewp\/wp-json\/wp\/v2\/pages\/202\/revisions\/1197"}],"wp:attachment":[{"href":"https:\/\/www.intex-paketdienst.de\/websitewp\/wp-json\/wp\/v2\/media?parent=202"}],"curies":[{"name":"wp","href":"https:\/\/api.w.org\/{rel}","templated":true}]}}