{"id":196,"date":"2025-01-19T18:31:19","date_gmt":"2025-01-19T17:31:19","guid":{"rendered":"https:\/\/www.intex-paketdienst.de\/websitewp\/?page_id=196"},"modified":"2025-03-12T12:22:18","modified_gmt":"2025-03-12T11:22:18","slug":"international","status":"publish","type":"page","link":"https:\/\/www.intex-paketdienst.de\/websitewp\/international\/","title":{"rendered":"International"},"content":{"rendered":"<div class=\"wpb-content-wrapper\">[vc_row full_width=&#8220;stretch_row&#8220; css=&#8220;.vc_custom_1737987052637{background-color: #072F40 !important;background-position: center !important;background-repeat: no-repeat !important;background-size: cover !important;}&#8220; wpex_bg_position=&#8220;center top&#8220; el_class=&#8220;bg-fallback&#8220;][vc_column][\/vc_column][\/vc_row][vc_row css_animation=&#8220;none&#8220; full_width=&#8220;stretch_row&#8220; video_bg_center=&#8220;true&#8220; css=&#8220;.vc_custom_1740571238114{background: #072F40 url(https:\/\/www.intex-paketdienst.de\/websitewp\/wp-content\/uploads\/2025\/02\/Hero_mobile05.jpg?id=1059) !important;}&#8220; el_class=&#8220;hero-top-row&#8220; video_bg=&#8220;self_hosted&#8220; wpex_bg_overlay_blend=&#8220;color&#8220; wpex_bg_overlay=&#8220;color&#8220; wpex_bg_overlay_color=&#8220;#00a39e&#8220; wpex_bg_overlay_opacity=&#8220;30%&#8220; video_bg_webm=&#8220;https:\/\/www.intex-paketdienst.de\/websitewp\/wp-content\/uploads\/2025\/02\/output_25pro_60fps_vp9_4K_smooth.webm&#8220; video_bg_visibility=&#8220;hidden-phone-small&#8220;][vc_column][vc_row_inner][vc_column_inner]\t<style>.vcex_69f5dd45791e7{height:80px;}@media (max-width:1024px){.vcex_69f5dd45791e7{height:60px;}}@media (max-width:959px){.vcex_69f5dd45791e7{height:40px;}}@media (max-width:767px){.vcex_69f5dd45791e7{height:0px;}}@media (max-width:479px){.vcex_69f5dd45791e7{height:0px;}}<\/style>\n<div class=\"vcex-spacing wpex-w-100 wpex-clear vcex_69f5dd45791e7\"><\/div>[vc_column_text css=&#8220;&#8220;]\n<h1>Weltweit zuverl\u00e4ssig<\/h1>\n[\/vc_column_text][vc_column_text css=&#8220;.vc_custom_1738083791564{padding-top: 20px !important;}&#8220;]\n<h2>Sicherer Versand Ihrer wertvollen G\u00fcter in alle L\u00e4nder.<\/h2>\n[\/vc_column_text][\/vc_column_inner][\/vc_row_inner][\/vc_column][\/vc_row][vc_row css_animation=&#8220;none&#8220; full_width=&#8220;stretch_row&#8220; remove_bottom_col_margin=&#8220;true&#8220; css=&#8220;.vc_custom_1738924738818{background-image: url(https:\/\/www.intex-paketdienst.de\/websitewp\/wp-content\/uploads\/2025\/01\/hero-bottom-background-sub.svg?id=474) !important;background-position: center !important;background-repeat: no-repeat !important;background-size: cover !important;}&#8220; wpex_bg_position=&#8220;center top&#8220; el_class=&#8220;hero-bottom-row-sub&#8220;][vc_column][vc_row_inner css=&#8220;.vc_custom_1737977347312{background-color: #CC00AA00 !important;}&#8220;][vc_column_inner width=&#8220;1\/6&#8243;][\/vc_column_inner][vc_column_inner el_class=&#8220;hero-bottom-text-sub&#8220; width=&#8220;2\/3&#8243;][vc_column_text css=&#8220;&#8220;]\n<h2 style=\"text-align: center;\">Ma\u00dfgeschneiderte Logistikl\u00f6sungen<br \/>\nf\u00fcr den internationalen Versand<\/h2>\n[\/vc_column_text]<div class=\"vcex-spacing wpex-w-100 wpex-clear\" style=\"height:20px;\"><\/div>[vc_column_text css=&#8220;&#8220; el_class=&#8220;highlight-text-sm&#8220;]\n<p style=\"text-align: center;\">Dank unserer langj\u00e4hrigen Erfahrung bringen wir Ihre wertvollen Sendungen sicher und zuverl\u00e4ssig in alle Regionen der Welt.<\/p>\n[\/vc_column_text][\/vc_column_inner][vc_column_inner width=&#8220;1\/6&#8243;][\/vc_column_inner][\/vc_row_inner]<div class=\"vcex-spacing wpex-w-100 wpex-clear in-op-space-sm\"><\/div>[\/vc_column][\/vc_row][vc_row full_width=&#8220;stretch_row&#8220; remove_bottom_col_margin=&#8220;true&#8220; wpex_bg_color=&#8220;palette-441&#8243; el_class=&#8220;hero-follow-bg-sub&#8220;][vc_column]\t<style>.vcex_69f5dd4579329{height:30px;}@media (max-width:1024px){.vcex_69f5dd4579329{height:20px;}}<\/style>\n<div class=\"vcex-spacing wpex-w-100 wpex-clear vcex_69f5dd4579329\"><\/div>[\/vc_column][\/vc_row][vc_row remove_bottom_col_margin=&#8220;true&#8220; el_class=&#8220;sub-below-hero&#8220;][vc_column]<div class=\"vcex-spacing wpex-w-100 wpex-clear in-op-space-lg\"><\/div>[vc_row_inner equal_height=&#8220;yes&#8220; content_placement=&#8220;middle&#8220; remove_bottom_col_margin=&#8220;true&#8220;][vc_column_inner width=&#8220;1\/2&#8243; offset=&#8220;vc_col-lg-4&#8243;]<figure class=\"vcex-image vcex-module vcex-fill-column\"><div class=\"vcex-image-inner wpex-relative wpex-inline-block\"><img width=\"1600\" height=\"1600\" src=\"https:\/\/www.intex-paketdienst.de\/websitewp\/wp-content\/uploads\/2025\/02\/Lieferwagen_Herbst.jpg\" class=\"vcex-image-img wpex-align-middle\" alt=\"\" loading=\"lazy\" decoding=\"async\" srcset=\"https:\/\/www.intex-paketdienst.de\/websitewp\/wp-content\/uploads\/2025\/02\/Lieferwagen_Herbst.jpg 1600w, https:\/\/www.intex-paketdienst.de\/websitewp\/wp-content\/uploads\/2025\/02\/Lieferwagen_Herbst-300x300.jpg 300w, https:\/\/www.intex-paketdienst.de\/websitewp\/wp-content\/uploads\/2025\/02\/Lieferwagen_Herbst-1024x1024.jpg 1024w, https:\/\/www.intex-paketdienst.de\/websitewp\/wp-content\/uploads\/2025\/02\/Lieferwagen_Herbst-150x150.jpg 150w, https:\/\/www.intex-paketdienst.de\/websitewp\/wp-content\/uploads\/2025\/02\/Lieferwagen_Herbst-768x768.jpg 768w, https:\/\/www.intex-paketdienst.de\/websitewp\/wp-content\/uploads\/2025\/02\/Lieferwagen_Herbst-1536x1536.jpg 1536w\" sizes=\"auto, (max-width: 1600px) 100vw, 1600px\" \/><\/div><\/figure>[\/vc_column_inner][vc_column_inner el_class=&#8220;core-values&#8220; width=&#8220;1\/2&#8243; css=&#8220;.vc_custom_1738053819259{background-color: #F6F4F1 !important;}&#8220; offset=&#8220;vc_col-lg-8&#8243;]<div class=\"vcex-module vcex-icon-box vcex-icon-box-one wpex-flex wpex-items-center wpex-text-left\"><div class=\"vcex-icon-box-symbol vcex-icon-box-symbol--image wpex-flex-shrink-0 wpex-mr-50\"><img width=\"50\" height=\"50\" src=\"https:\/\/www.intex-paketdienst.de\/websitewp\/wp-content\/uploads\/2025\/01\/Raute_Intex.svg\" class=\"vcex-icon-box-image wpex-align-middle\" alt=\"\" loading=\"lazy\" decoding=\"async\" \/><\/div><div class=\"vcex-icon-box-text wpex-flex-grow\"><h3 class=\"vcex-icon-box-heading wpex-h3 wpex-m-0\">Sicherer Valorenversand weltweit<\/h3><div class=\"vcex-icon-box-content wpex-last-mb-0 wpex-clr wpex-mt-10\"><p>Gesch\u00fctzte Zustellung f\u00fcr wertvolle G\u00fcter wie Schmuck, Edelmetalle und Uhren.<\/p>\n<\/div><\/div><\/div><div class=\"vcex-module vcex-icon-box vcex-icon-box-one wpex-flex wpex-items-center wpex-text-left\"><div class=\"vcex-icon-box-symbol vcex-icon-box-symbol--image wpex-flex-shrink-0 wpex-mr-50\"><img width=\"50\" height=\"50\" src=\"https:\/\/www.intex-paketdienst.de\/websitewp\/wp-content\/uploads\/2025\/01\/Raute_Intex.svg\" class=\"vcex-icon-box-image wpex-align-middle\" alt=\"\" loading=\"lazy\" decoding=\"async\" \/><\/div><div class=\"vcex-icon-box-text wpex-flex-grow\"><h3 class=\"vcex-icon-box-heading wpex-h3 wpex-m-0\">Express-Optionen<\/h3><div class=\"vcex-icon-box-content wpex-last-mb-0 wpex-clr wpex-mt-10\"><p>Eilversand f\u00fcr zeitkritische Sendungen, angepasst an die spezifischen Laufzeiten im Empf\u00e4ngerland. Details siehe <a href=\"https:\/\/www.intex-paketdienst.de\/website\/downloads\/intex_paketdienst\/Laufzeitentabelle_international.pdf\" target=\"_blank\" rel=\"noopener\">Laufzeitentabelle international<\/a><\/p>\n<\/div><\/div><\/div><div class=\"vcex-module vcex-icon-box vcex-icon-box-one wpex-flex wpex-items-center wpex-text-left\"><div class=\"vcex-icon-box-symbol vcex-icon-box-symbol--image wpex-flex-shrink-0 wpex-mr-50\"><img width=\"50\" height=\"50\" src=\"https:\/\/www.intex-paketdienst.de\/websitewp\/wp-content\/uploads\/2025\/01\/Raute_Intex.svg\" class=\"vcex-icon-box-image wpex-align-middle\" alt=\"\" loading=\"lazy\" decoding=\"async\" \/><\/div><div class=\"vcex-icon-box-text wpex-flex-grow\"><h3 class=\"vcex-icon-box-heading wpex-h3 wpex-m-0\">Zollabwicklung<\/h3><div class=\"vcex-icon-box-content wpex-last-mb-0 wpex-clr wpex-mt-10\"><p>Unterst\u00fctzung bei der reibungslosen und z\u00fcgigen Verzollung Ihrer Waren f\u00fcr L\u00e4nder au\u00dferhalb der EU.<\/p>\n<\/div><\/div><\/div>[\/vc_column_inner][\/vc_row_inner]<div class=\"vcex-spacing wpex-w-100 wpex-clear in-op-space-lg\"><\/div><div class=\"theme-button-wrap textcenter wpex-clr\"><a href=\"https:\/\/www.intex-paketdienst.de\/website\/shop.html\" class=\"vcex-button theme-button align-center inline\"><span class=\"vcex-button-inner theme-button-inner wpex-flex wpex-flex-wrap wpex-items-center wpex-justify-center\">Auftrag buchen<\/span><\/a><\/div> <div class=\"vcex-spacing wpex-w-100 wpex-clear in-op-space-lg\"><\/div>[\/vc_column][\/vc_row][vc_row remove_bottom_col_margin=&#8220;true&#8220;][vc_column][vc_row_inner][vc_column_inner width=&#8220;1\/12&#8243; offset=&#8220;vc_col-lg-2&#8243;][\/vc_column_inner][vc_column_inner width=&#8220;5\/6&#8243; offset=&#8220;vc_col-lg-8&#8243;][vc_column_text css=&#8220;&#8220; el_class=&#8220;highlight-text-lg&#8220;]\n<p style=\"text-align: center;\">Ganz gleich, wohin Ihre wertvollen Sendungen unterwegs sind\u00a0 \u2013\u00a0 mit INTEX haben Sie einen Partner an Ihrer Seite, der sich um alle Details k\u00fcmmert. Von der Abholung bis zur sicheren \u00dcbergabe sorgen wir f\u00fcr eine reibungslose internationale Lieferung.<\/p>\n[\/vc_column_text][\/vc_column_inner][vc_column_inner width=&#8220;1\/12&#8243; offset=&#8220;vc_col-lg-2&#8243;][\/vc_column_inner][\/vc_row_inner]<div class=\"vcex-spacing wpex-w-100 wpex-clear in-op-space-lg\"><\/div>[\/vc_column][\/vc_row][vc_row remove_bottom_col_margin=&#8220;true&#8220;][vc_column][vc_column_text css=&#8220;.vc_custom_1738923640493{margin-bottom: 30px !important;}&#8220;]\n<h2>Wichtige Hinweise<\/h2>\n[\/vc_column_text][vc_row_inner remove_bottom_col_margin=&#8220;true&#8220;][vc_column_inner width=&#8220;1\/2&#8243;][vc_column_text css=&#8220;&#8220;]\n<h3>Transportsichere Verpackung<\/h3>\n<p>Verpacken Sie Ihre Sendung stabil und kennzeichnen Sie sie mit Absender- und Empf\u00e4ngerdaten. Internationale Sendungen werden nicht in ein Safebag verpackt.<\/p>\n<h3>Zolldokumente f\u00fcr Nicht-EU-Sendungen<\/h3>\n<p>Halten Sie die ben\u00f6tigten Unterlagen wie Handelsrechnung und Ursprungszertifikat bereit. Gerne vermitteln wir Ihnen auf Wunsch einen erfahrenen Zollagenten f\u00fcr die Formalit\u00e4ten.<\/p>\n<h3>Abholung im Ausland f\u00fcr Gewerbekunden<\/h3>\n<p>Als registrierter Gewerbekunde k\u00f6nnen Sie Abholungen im europ\u00e4ischen Ausland beauftragen. Achten Sie darauf, dass der von INTEX erstellte Luftfrachtbrief f\u00fcr den Versicherungsschutz verwendet wird.[\/vc_column_text]<div class=\"vcex-spacing wpex-w-100 wpex-clear visible-phone in-op-space-sm\"><\/div>[\/vc_column_inner][vc_column_inner width=&#8220;1\/2&#8243;]<figure class=\"vcex-image vcex-module\"><div class=\"vcex-image-inner wpex-relative wpex-inline-block\"><img width=\"1600\" height=\"1068\" src=\"https:\/\/www.intex-paketdienst.de\/websitewp\/wp-content\/uploads\/2025\/02\/Unterschrift.jpg\" class=\"vcex-image-img wpex-align-middle\" alt=\"\" loading=\"lazy\" decoding=\"async\" srcset=\"https:\/\/www.intex-paketdienst.de\/websitewp\/wp-content\/uploads\/2025\/02\/Unterschrift.jpg 1600w, https:\/\/www.intex-paketdienst.de\/websitewp\/wp-content\/uploads\/2025\/02\/Unterschrift-300x200.jpg 300w, https:\/\/www.intex-paketdienst.de\/websitewp\/wp-content\/uploads\/2025\/02\/Unterschrift-1024x684.jpg 1024w, https:\/\/www.intex-paketdienst.de\/websitewp\/wp-content\/uploads\/2025\/02\/Unterschrift-768x513.jpg 768w, https:\/\/www.intex-paketdienst.de\/websitewp\/wp-content\/uploads\/2025\/02\/Unterschrift-1536x1025.jpg 1536w\" sizes=\"auto, (max-width: 1600px) 100vw, 1600px\" \/><\/div><\/figure>[\/vc_column_inner][\/vc_row_inner]<div class=\"vcex-spacing wpex-w-100 wpex-clear in-op-space-lg\"><\/div><div class=\"theme-button-wrap textcenter wpex-clr\"><a href=\"https:\/\/www.intex-paketdienst.de\/website\/shop.html\" class=\"vcex-button theme-button align-center inline\"><span class=\"vcex-button-inner theme-button-inner wpex-flex wpex-flex-wrap wpex-items-center wpex-justify-center\">Auftrag buchen<\/span><\/a><\/div> <div class=\"vcex-spacing wpex-w-100 wpex-clear in-op-space-lg\"><\/div>[\/vc_column][\/vc_row][vc_row full_width=&#8220;stretch_row&#8220; remove_bottom_col_margin=&#8220;true&#8220; wpex_bg_overlay=&#8220;color&#8220; wpex_bg_overlay_blend=&#8220;multiply&#8220; wpex_bg_overlay_color=&#8220;#172f46&#8243; wpex_bg_overlay_opacity=&#8220;90%&#8220; css=&#8220;.vc_custom_1741777910733{background-image: url(https:\/\/www.intex-paketdienst.de\/websitewp\/wp-content\/uploads\/2025\/03\/Intex_Footer-02-scaled.jpg?id=1110) !important;background-position: center !important;background-repeat: no-repeat !important;background-size: cover !important;}&#8220; el_class=&#8220;footer-contact-cta&#8220;][vc_column]<div class=\"vcex-spacing wpex-w-100 wpex-clear in-op-space-md\"><\/div>[vc_row_inner content_placement=&#8220;middle&#8220;][vc_column_inner width=&#8220;1\/4&#8243;][\/vc_column_inner][vc_column_inner width=&#8220;1\/2&#8243; css=&#8220;.vc_custom_1737897877892{padding-right: 60px !important;padding-left: 60px !important;}&#8220;][vc_column_text css=&#8220;&#8220;]\n<h2 style=\"text-align: center;\">Wir sind f\u00fcr Sie da.<\/h2>\n[\/vc_column_text]<div class=\"vcex-spacing wpex-w-100 wpex-clear\" style=\"height:40px;\"><\/div>[vc_column_text css=&#8220;&#8220; el_class=&#8220;highlight-text-sm&#8220;]\n<p style=\"text-align: center;\">Kontaktieren Sie uns jederzeit f\u00fcr eine Beratung oder ein individuelles Angebot.<\/p>\n[\/vc_column_text]<div class=\"vcex-spacing wpex-w-100 wpex-clear\" style=\"height:80px;\"><\/div><div class=\"theme-button-wrap textcenter wpex-clr\"><a href=\"https:\/\/www.intex-paketdienst.de\/websitewp\/kontakt\/\" class=\"vcex-button theme-button minimal-border align-center inline\"><span class=\"vcex-button-inner theme-button-inner wpex-flex wpex-flex-wrap wpex-items-center wpex-justify-center\">Kontakt<\/span><\/a><\/div> [\/vc_column_inner][vc_column_inner width=&#8220;1\/4&#8243;][\/vc_column_inner][\/vc_row_inner]<div class=\"vcex-spacing wpex-w-100 wpex-clear in-op-space-lg\"><\/div>[\/vc_column][\/vc_row]\n<\/div>","protected":false},"excerpt":{"rendered":"<p>[vc_row full_width=&#8220;stretch_row&#8220; css=&#8220;.vc_custom_1737987052637{background-color: #072F40 !important;background-position: center !important;background-repeat: no-repeat !important;background-size: cover !important;}&#8220; wpex_bg_position=&#8220;center top&#8220; el_class=&#8220;bg-fallback&#8220;][vc_column][\/vc_column][\/vc_row][vc_row css_animation=&#8220;none&#8220; full_width=&#8220;stretch_row&#8220; video_bg_center=&#8220;true&#8220; css=&#8220;.vc_custom_1740571238114{background: #072F40 url(https:\/\/www.intex-paketdienst.de\/websitewp\/wp-content\/uploads\/2025\/02\/Hero_mobile05.jpg?id=1059) !important;}&#8220; el_class=&#8220;hero-top-row&#8220; video_bg=&#8220;self_hosted&#8220; wpex_bg_overlay_blend=&#8220;color&#8220; wpex_bg_overlay=&#8220;color&#8220; wpex_bg_overlay_color=&#8220;#00a39e&#8220; wpex_bg_overlay_opacity=&#8220;30%&#8220; video_bg_webm=&#8220;https:\/\/www.intex-paketdienst.de\/websitewp\/wp-content\/uploads\/2025\/02\/output_25pro_60fps_vp9_4K_smooth.webm&#8220; video_bg_visibility=&#8220;hidden-phone-small&#8220;][vc_column][vc_row_inner][vc_column_inner][vc_column_text css=&#8220;&#8220;] Weltweit zuverl\u00e4ssig [\/vc_column_text][vc_column_text css=&#8220;.vc_custom_1738083791564{padding-top: 20px !important;}&#8220;] Sicherer Versand Ihrer wertvollen G\u00fcter in alle L\u00e4nder. [\/vc_column_text][\/vc_column_inner][\/vc_row_inner][\/vc_column][\/vc_row][vc_row css_animation=&#8220;none&#8220; full_width=&#8220;stretch_row&#8220; remove_bottom_col_margin=&#8220;true&#8220; css=&#8220;.vc_custom_1738924738818{background-image: url(https:\/\/www.intex-paketdienst.de\/websitewp\/wp-content\/uploads\/2025\/01\/hero-bottom-background-sub.svg?id=474) !important;background-position: center !important;background-repeat: no-repeat !important;background-size:&hellip;<\/p>\n","protected":false},"author":1,"featured_media":0,"parent":0,"menu_order":0,"comment_status":"closed","ping_status":"closed","template":"","meta":{"footnotes":""},"class_list":["post-196","page","type-page","status-publish","hentry","entry","no-media"],"_links":{"self":[{"href":"https:\/\/www.intex-paketdienst.de\/websitewp\/wp-json\/wp\/v2\/pages\/196","targetHints":{"allow":["GET"]}}],"collection":[{"href":"https:\/\/www.intex-paketdienst.de\/websitewp\/wp-json\/wp\/v2\/pages"}],"about":[{"href":"https:\/\/www.intex-paketdienst.de\/websitewp\/wp-json\/wp\/v2\/types\/page"}],"author":[{"embeddable":true,"href":"https:\/\/www.intex-paketdienst.de\/websitewp\/wp-json\/wp\/v2\/users\/1"}],"replies":[{"embeddable":true,"href":"https:\/\/www.intex-paketdienst.de\/websitewp\/wp-json\/wp\/v2\/comments?post=196"}],"version-history":[{"count":37,"href":"https:\/\/www.intex-paketdienst.de\/websitewp\/wp-json\/wp\/v2\/pages\/196\/revisions"}],"predecessor-version":[{"id":1115,"href":"https:\/\/www.intex-paketdienst.de\/websitewp\/wp-json\/wp\/v2\/pages\/196\/revisions\/1115"}],"wp:attachment":[{"href":"https:\/\/www.intex-paketdienst.de\/websitewp\/wp-json\/wp\/v2\/media?parent=196"}],"curies":[{"name":"wp","href":"https:\/\/api.w.org\/{rel}","templated":true}]}}